{"id":1699,"date":"2020-07-25T23:10:21","date_gmt":"2020-07-25T23:10:21","guid":{"rendered":"https:\/\/www.auroramutualaid.org\/?page_id=1699"},"modified":"2022-11-13T02:35:52","modified_gmt":"2022-11-13T02:35:52","slug":"elections","status":"publish","type":"page","link":"https:\/\/auroramutualaid.org\/es\/elections\/","title":{"rendered":"Municipal Election Information"},"content":{"rendered":"<p><section   class=\"fw-main-row-custom fw-main-row-top  auto  fw-section-position-back tf-sh-11b52d06e8dfc1d3552b4a2659862b2f\"    >\n\t\t\t<div class=\"fw-container\" >\n\t\t<div class=\"fw-row\">\n\t<div id=\"column-69e1d09dd9e6d\" class=\"fw-col-sm-12 tf-sh-99c14e42a1902f6af008c64efaa7739c\" >\n\t<div class=\"fw-wrap-col-inner clearfix\"   >\n\t\t\t\t<div class=\"fw-col-inner\">\n\t\t\t<div class=\"fw-divider-space space-md  clearfix\"  ><\/div>\t\t<\/div>\n\t<\/div>\n<\/div><\/div>\n\n<div class=\"fw-row\">\n\t<div id=\"column-69e1d09dda67e\" class=\"fw-col-sm-6 tf-sh-fda4ff7dc6baf76dc772c7e89ae1d32b\" >\n\t<div class=\"fw-wrap-col-inner clearfix\"   >\n\t\t\t\t<div class=\"fw-col-inner\">\n\t\t\t\t<div class=\"fw-imagebox clearfix fw-imagebox-1 tf-sh-1d3d9f98ce8d98a02ea67e64f33a1ea4 text-left\"  style=\"\">\n\t\t\t\t\t\t\t\t\t\t<div class=\"fw-block-image-parent\" style=\"width: 100%;\">\n\t\t\t\t\t\t\t\t\t<div class=\"fw-block-image-child fw-ratio-16-9 fw-ratio-container\">\n\t\t\t\t\t\t<noscript itemscope itemtype=\"https:\/\/schema.org\/ImageObject\" itemprop=\"image\"><img decoding=\"async\" src=\"https:\/\/i0.wp.com\/auroramutualaid.org\/wp-content\/uploads\/2022\/11\/2022-Brochure_Tri-Fold_local-knowledge-for-your-empowerment-Aurora-ENG1-1.png?ssl=1\"  alt=\"2022 Brochure_Tri-Fold_local knowledge for your empowerment-Aurora-ENG1\" data-maxdpr=\"1.7\" class=\"lazyload\" data-recalc-dims=\"1\" \/><meta itemprop=\"url\" content=\"https:\/\/auroramutualaid.org\/wp-content\/uploads\/2022\/11\/2022-Brochure_Tri-Fold_local-knowledge-for-your-empowerment-Aurora-ENG1-1.png\"><meta itemprop=\"width\" content=\"2000\"><meta itemprop=\"height\" content=\"1545\"><\/noscript><img decoding=\"async\" src=\"data:image\/gif;base64,R0lGODlhAQABAIAAAAAAAP\/\/\/yH5BAEAAAAALAAAAAABAAEAAAIBRAA7\" data-sizes=\"auto\" data-srcset=\"https:\/\/auroramutualaid.org\/wp-content\/uploads\/2022\/11\/2022-Brochure_Tri-Fold_local-knowledge-for-your-empowerment-Aurora-ENG1-1-1920x1080.png 1920w, https:\/\/auroramutualaid.org\/wp-content\/uploads\/2022\/11\/2022-Brochure_Tri-Fold_local-knowledge-for-your-empowerment-Aurora-ENG1-1-1228x691.png 1228w, https:\/\/auroramutualaid.org\/wp-content\/uploads\/2022\/11\/2022-Brochure_Tri-Fold_local-knowledge-for-your-empowerment-Aurora-ENG1-1-614x346.png 614w, https:\/\/auroramutualaid.org\/wp-content\/uploads\/2022\/11\/2022-Brochure_Tri-Fold_local-knowledge-for-your-empowerment-Aurora-ENG1-1-295x166.png 295w, https:\/\/auroramutualaid.org\/wp-content\/uploads\/2022\/11\/2022-Brochure_Tri-Fold_local-knowledge-for-your-empowerment-Aurora-ENG1-1-590x332.png 590w\"   alt=\"2022 Brochure_Tri-Fold_local knowledge for your empowerment-Aurora-ENG1\" data-maxdpr=\"1.7\" class=\"lazyload\" \/>\t\t\t\t\t<\/div>\n\t\t\t\t\t\t\t<\/div>\n\t\t\n\t<div class=\"fw-imagebox-aside\" style=\"\">\n\t\t\t\t\t<div class=\"fw-imagebox-title-wrap\">\n\t\t\t\t\t\t\t\t\t<h3 class=\"fw-imagebox-title\">2023 Aurora Election - Voter Education<\/h3>\n\t\t\t\t\n\t\t\t\t\t\t\t<\/div>\n\t\t\n\t\t\n\t\t\t<\/div>\n\t<\/div>\n\t<a href=\"https:\/\/www.auroramutualaid.org\/wp-content\/uploads\/2022\/11\/2022-Brochure_Tri-Fold_local-knowledge-for-your-empowerment-Aurora.pdf\" target=\"_blank\" class=\"fw-btn tf-sh-6beee63e720552589c2dd6c2fcb3f2ad  fw-btn-md   fw-btn-side-by-side fw-btn-1\"  style=\"\">\n\t\t<span >\n\t\t\tENGLISH\t\t<\/span>\n\t<\/a>\n\t\t<\/div>\n\t<\/div>\n<\/div><div id=\"column-69e1d09ddc6ec\" class=\"fw-col-sm-6 tf-sh-57f4d62357a8c5eec39e860326524faa\" >\n\t<div class=\"fw-wrap-col-inner clearfix\"   >\n\t\t\t\t<div class=\"fw-col-inner\">\n\t\t\t\t<div class=\"fw-imagebox clearfix fw-imagebox-1 tf-sh-d6fca51199ff18f753723ec10320f5de text-left\"  style=\"\">\n\t\t\t\t\t\t\t\t\t\t<div class=\"fw-block-image-parent\" style=\"width: 100%;\">\n\t\t\t\t\t\t\t\t\t<div class=\"fw-block-image-child fw-ratio-16-9 fw-ratio-container\">\n\t\t\t\t\t\t<noscript itemscope itemtype=\"https:\/\/schema.org\/ImageObject\" itemprop=\"image\"><img decoding=\"async\" src=\"https:\/\/i0.wp.com\/auroramutualaid.org\/wp-content\/uploads\/2022\/11\/2022-Brochure_Tri-Fold_local-knowledge-for-your-empowerment-Aurora-SP1.png?ssl=1\"  alt=\"2022 Brochure_Tri-Fold_local knowledge for your empowerment-Aurora-SP1\" data-maxdpr=\"1.7\" class=\"lazyload\" data-recalc-dims=\"1\" \/><meta itemprop=\"url\" content=\"https:\/\/auroramutualaid.org\/wp-content\/uploads\/2022\/11\/2022-Brochure_Tri-Fold_local-knowledge-for-your-empowerment-Aurora-SP1.png\"><meta itemprop=\"width\" content=\"2000\"><meta itemprop=\"height\" content=\"1545\"><\/noscript><img decoding=\"async\" src=\"data:image\/gif;base64,R0lGODlhAQABAIAAAAAAAP\/\/\/yH5BAEAAAAALAAAAAABAAEAAAIBRAA7\" data-sizes=\"auto\" data-srcset=\"https:\/\/auroramutualaid.org\/wp-content\/uploads\/2022\/11\/2022-Brochure_Tri-Fold_local-knowledge-for-your-empowerment-Aurora-SP1-1920x1080.png 1920w, https:\/\/auroramutualaid.org\/wp-content\/uploads\/2022\/11\/2022-Brochure_Tri-Fold_local-knowledge-for-your-empowerment-Aurora-SP1-1228x691.png 1228w, https:\/\/auroramutualaid.org\/wp-content\/uploads\/2022\/11\/2022-Brochure_Tri-Fold_local-knowledge-for-your-empowerment-Aurora-SP1-614x346.png 614w, https:\/\/auroramutualaid.org\/wp-content\/uploads\/2022\/11\/2022-Brochure_Tri-Fold_local-knowledge-for-your-empowerment-Aurora-SP1-295x166.png 295w, https:\/\/auroramutualaid.org\/wp-content\/uploads\/2022\/11\/2022-Brochure_Tri-Fold_local-knowledge-for-your-empowerment-Aurora-SP1-590x332.png 590w\"   alt=\"2022 Brochure_Tri-Fold_local knowledge for your empowerment-Aurora-SP1\" data-maxdpr=\"1.7\" class=\"lazyload\" \/>\t\t\t\t\t<\/div>\n\t\t\t\t\t\t\t<\/div>\n\t\t\n\t<div class=\"fw-imagebox-aside\" style=\"\">\n\t\t\t\t\t<div class=\"fw-imagebox-title-wrap\">\n\t\t\t\t\t\t\t\t\t<h3 class=\"fw-imagebox-title\">Elecci\u00f3n Aurora 2023 - Educaci\u00f3n del votante<\/h3>\n\t\t\t\t\n\t\t\t\t\t\t\t<\/div>\n\t\t\n\t\t\n\t\t\t<\/div>\n\t<\/div>\n\t<a href=\"https:\/\/www.auroramutualaid.org\/wp-content\/uploads\/2022\/11\/2022-Brochure_Tri-Fold_local-knowledge-for-your-empowerment-Aurora-SP.pdf\" target=\"_self\" class=\"fw-btn tf-sh-a6158ccf8acf07355dddfda1c58735dd  fw-btn-md   fw-btn-side-by-side fw-btn-1\"  style=\"\">\n\t\t<span >\n\t\t\tESPA\u00d1OL\t\t<\/span>\n\t<\/a>\n\t\t<\/div>\n\t<\/div>\n<\/div><\/div>\n\n\t<\/div>\n\t<\/section><section   class=\"fw-main-row-custom fw-section-no-padding  auto  fw-section-position-back tf-sh-758b5b560572016a545a7bf97902c91e\"  style=\" background-color:#ebebeb;\"  >\n\t\t\t<div class=\"fw-container\" >\n\t\t<div class=\"fw-row\">\n\t<div id=\"column-69e1d09dde34f\" class=\"fw-col-sm-12 tf-sh-99c14e42a1902f6af008c64efaa7739c\" >\n\t<div class=\"fw-wrap-col-inner clearfix\"   >\n\t\t\t\t<div class=\"fw-col-inner\">\n\t\t\t<div class=\"fw-divider-space  fw-custom-space  fw-mobile-hide-element clearfix\" style=\"height:100px;\" ><\/div>\t\t<\/div>\n\t<\/div>\n<\/div><\/div>\n\n<div class=\"fw-row\">\n\t<div id=\"column-69e1d09dde97c\" class=\"fw-col-sm-12 tf-sh-8e17dc095ea11c488725e7c4a3f1f19d  fw-animated-element\" data-animation-type=\"fadeInUp\" data-animation-delay=\"300\">\n\t<div class=\"fw-wrap-col-inner clearfix\"   >\n\t\t\t\t<div class=\"fw-col-inner\">\n\t\t\t<div class=\"fw-heading fw-heading-left  tf-sh-385b75009408a4e94c27c540b818de5c\" >\n\t\t\t<h1 class=\"fw-special-title\">WAYS YOU <span style=\"font-weight:100;\">CAN HELP<\/span><\/h1>\n\t\n\t\n\t<\/div>\t\t<\/div>\n\t<\/div>\n<\/div><\/div>\n\n<div class=\"fw-row\">\n\t<div id=\"column-69e1d09ddf230\" class=\"fw-col-sm-3 tf-sh-8d69d4cdddfb375c3fefdac470ed6273  fw-animated-element\" data-animation-type=\"fadeInUp\" data-animation-delay=\"300\">\n\t<div class=\"fw-wrap-col-inner clearfix\"   >\n\t\t\t\t<div class=\"fw-col-inner\">\n\t\t\t<div class=\"fw-divider-space  fw-custom-space  fw-mobile-hide-element clearfix\" style=\"height:45px;\" ><\/div><div class=\"fw-heading fw-heading-center  tf-sh-6404cc7d061fd42fe610ae14bd4fb867\" >\n\t\t\t<h3 class=\"fw-special-title\">LIKE US ON FACEBOOK<\/h3>\n\t\n\t\n\t<\/div><div class=\"fw-divider-space  fw-custom-space  clearfix\" style=\"height:5px;\" ><\/div><div class=\"text-center\">\t<a href=\"https:\/\/www.facebook.com\/IndivisibleAurora\" target=\"_blank\" class=\"fw-btn tf-sh-f24c62ff0dba05d066e12b3821072343     fw-btn-1\"  style=\"width:118px; height:48px; line-height:48px;\">\n\t\t<span style=\"top:0;\">\n\t\t\t<i class=\"pull-left-icon fa fa-facebook-f\" style=\"font-size:30px;\"><\/i>\u00a0 \u00a0 Like \u00a0 \u00a0\t\t<\/span>\n\t<\/a>\n<\/div>\t\t<\/div>\n\t<\/div>\n<\/div><div id=\"column-69e1d09ddfc4a\" class=\"fw-col-sm-3 tf-sh-746eb189f189c5d1046701d48e0c6969  fw-animated-element\" data-animation-type=\"fadeInUp\" data-animation-delay=\"500\">\n\t<div class=\"fw-wrap-col-inner clearfix\"   >\n\t\t\t\t<div class=\"fw-col-inner\">\n\t\t\t<div class=\"fw-divider-space  fw-custom-space  fw-mobile-hide-element clearfix\" style=\"height:45px;\" ><\/div><div class=\"fw-heading fw-heading-center  tf-sh-64621b22e7d11321873e0ae908fd0c50\" >\n\t\t\t<h3 class=\"fw-special-title\">FOLLOW US ON TWITTER<\/h3>\n\t\n\t\n\t<\/div><div class=\"fw-divider-space  fw-custom-space  clearfix\" style=\"height:5px;\" ><\/div><div class=\"text-center\">\t<a href=\"https:\/\/twitter.com\/indivisibleil11\" target=\"_blank\" class=\"fw-btn tf-sh-f805cc32affbec8023e1a3425962887e     fw-btn-1\"  style=\"width:118px; height:48px; line-height:48px;\">\n\t\t<span style=\"top:0;\">\n\t\t\t<i class=\"pull-left-icon fa fa-twitter\" style=\"font-size:30px;\"><\/i>\u00a0 \u00a0 Like \u00a0 \u00a0\t\t<\/span>\n\t<\/a>\n<\/div>\t\t<\/div>\n\t<\/div>\n<\/div><div id=\"column-69e1d09de05ea\" class=\"fw-col-sm-3 tf-sh-c984324579a16a5fafcb15c3a5472727  fw-animated-element\" data-animation-type=\"fadeInUp\" data-animation-delay=\"500\">\n\t<div class=\"fw-wrap-col-inner clearfix\"   >\n\t\t\t\t<div class=\"fw-col-inner\">\n\t\t\t<div class=\"fw-divider-space  fw-custom-space  fw-mobile-hide-element clearfix\" style=\"height:45px;\" ><\/div><div class=\"fw-heading fw-heading-center  tf-sh-6140cce8ed8207c72a68ad5e65034b91\" >\n\t\t\t<h3 class=\"fw-special-title\">FOLLOW US ON INSTA<\/h3>\n\t\n\t\n\t<\/div><div class=\"fw-divider-space  fw-custom-space  clearfix\" style=\"height:5px;\" ><\/div><div class=\"text-center\">\t<a href=\"https:\/\/www.instagram.com\/indivisible.aurora\/\" target=\"_blank\" class=\"fw-btn tf-sh-1015e04731b52dc64471f604eb832e63     fw-btn-1\"  style=\"width:118px; height:48px; line-height:48px;\">\n\t\t<span style=\"top:0;\">\n\t\t\t<i class=\"pull-left-icon fa fa-twitter\" style=\"font-size:30px;\"><\/i>\u00a0 \u00a0 Like \u00a0 \u00a0\t\t<\/span>\n\t<\/a>\n<\/div>\t\t<\/div>\n\t<\/div>\n<\/div><\/div>\n\n<div class=\"fw-row\">\n\t<div id=\"column-69e1d09de120c\" class=\"fw-col-sm-6 tf-sh-02657feb95368e20fe9d808c95165891\" >\n\t<div class=\"fw-wrap-col-inner clearfix\"   >\n\t\t\t\t<div class=\"fw-col-inner\">\n\t\t\t<div class=\"fw-contact-form tf-sh-0de72be53ca2e90a4601e3e96902c860\" data-redirect-page=\"\">\n\t<div class=\"fw-row wrap-forms wrap-contact-forms\">\n\t\t<form data-fw-form-id=\"fw_form\" method=\"post\" action=\"https:\/\/auroramutualaid.org\/es\/wp-json\/wp\/v2\/pages\/1699\" class=\"fw_form_fw_form\" data-fw-ext-forms-type=\"contact-forms\" data-trp-original-action=\"https:\/\/auroramutualaid.org\/es\/wp-json\/wp\/v2\/pages\/1699\"  ><input type=\"hidden\" name=\"fwf\" value=\"fw_form\" \/><input type=\"hidden\" id=\"_nonce_a5b6502f6d58f362713fc9924bcdcb65\" name=\"_nonce_a5b6502f6d58f362713fc9924bcdcb65\" value=\"f55f42ac87\" \/><input type=\"hidden\" name=\"_wp_http_referer\" value=\"\/es\/wp-json\/wp\/v2\/pages\/1699\" \/><input type=\"hidden\" name=\"fw_ext_forms_form_type\" value=\"contact-forms\" \/><input type=\"hidden\" name=\"fw_ext_forms_form_id\" value=\"0de72be53ca2e90a4601e3e96902c860\" \/><div class=\"fw-row\"><div class=\"header title\">\n\t<h2 class=\"fw-contact-form-title\">JOIN A TEAM<\/h2>\n\t<\/div><\/div><div class=\"fw-row\">\t<div class=\"fw-col-xs-12 fw-col-sm-6 form-builder-item\">\n\t\t<div class=\"field-select\">\n\t\t\t\t\t\t\t<label for=\"id-1\">Let us know your passion.\t\t\t\t\t<sup>*<\/sup>\t\t\t\t<\/label>\n\t\t\t\t\t\t<select class=\"select-field\" name=\"select_1ef4607\" id=\"id-1\"  >\n\t\t\t\t\t\t\t\t\t<option value=\"Select a team...\"  >Select a team...<\/option>\n\t\t\t\t\t\t\t\t\t<option value=\"Education and Community\"  >Education and Community<\/option>\n\t\t\t\t\t\t\t\t\t<option value=\"Immigrant and Refugee Rights\"  >Immigrant and Refugee Rights<\/option>\n\t\t\t\t\t\t\t\t\t<option value=\"LGBTQ and Alliance\"  >LGBTQ and Alliance<\/option>\n\t\t\t\t\t\t\t<\/select>\n\t\t\t\t\t<\/div>\n\t<\/div>\n<div class=\"fw-col-xs-12 fw-col-sm-6 form-builder-item\">\n\t<div class=\"field-text\">\n\t\t\t\t\t<label for=\"id-2\">Let us know who you are.\t\t\t\t<sup>*<\/sup>\t\t\t<\/label>\n\t\t\t\t<input type=\"text\" name=\"email_0dcd73f\" placeholder=\"Type your email address here...\" value=\"\" id=\"id-2\" class=\"required\" >\n\t\t\t<\/div>\n<\/div><\/div><div class=\"fw-row\"><\/div><div class=\"fw-row\">\n\t\t\t<div class=\"fw-col-sm-12 field-submit text-left\">\n\t\t\t<button type=\"submit\" class=\"fw-btn  fw-btn-md fw-btn-1\" style=\"\">\n\t\t\t\t<span>\n\t\t\t\t\t\t\t\t\t\t\tSubmit\t\t\t\t\t\t\t\t\t<\/span>\n\t\t\t<\/button>\n\t\t<\/div>\n\t<\/div><input type=\"hidden\" name=\"trp-form-language\" value=\"es\"\/><\/form>\t<\/div>\n<\/div>\t\t<\/div>\n\t<\/div>\n<\/div><\/div>\n\n<div class=\"fw-row\">\n\t<div id=\"column-69e1d09de314c\" class=\"fw-col-sm-12 tf-sh-99c14e42a1902f6af008c64efaa7739c\" >\n\t<div class=\"fw-wrap-col-inner clearfix\"   >\n\t\t\t\t<div class=\"fw-col-inner\">\n\t\t\t<div class=\"fw-divider-space  fw-custom-space  fw-mobile-hide-element clearfix\" style=\"height:60px;\" ><\/div>\t\t<\/div>\n\t<\/div>\n<\/div><\/div>\n\n\t<\/div>\n\t<\/section><\/p>","protected":false},"excerpt":{"rendered":"<p>2023 Aurora Election &#8211; Voter Education ENGLISH Elecci\u00f3n Aurora 2023 &#8211; Educaci\u00f3n del votante ESPA\u00d1OL WAYS YOU CAN HELP LIKE US ON FACEBOOK \u00a0 \u00a0 Like \u00a0 \u00a0 FOLLOW US ON TWITTER \u00a0 \u00a0 Like \u00a0 \u00a0 FOLLOW US ON INSTA \u00a0 \u00a0 Like \u00a0 \u00a0 JOIN A TEAM Let us know your passion. * [&hellip;]<\/p>","protected":false},"author":3,"featured_media":0,"parent":0,"menu_order":0,"comment_status":"closed","ping_status":"closed","template":"visual-builder-template.php","meta":{"footnotes":""},"jetpack_sharing_enabled":true,"jetpack_likes_enabled":true,"brizy_media":[],"_links":{"self":[{"href":"https:\/\/auroramutualaid.org\/es\/wp-json\/wp\/v2\/pages\/1699"}],"collection":[{"href":"https:\/\/auroramutualaid.org\/es\/wp-json\/wp\/v2\/pages"}],"about":[{"href":"https:\/\/auroramutualaid.org\/es\/wp-json\/wp\/v2\/types\/page"}],"author":[{"embeddable":true,"href":"https:\/\/auroramutualaid.org\/es\/wp-json\/wp\/v2\/users\/3"}],"replies":[{"embeddable":true,"href":"https:\/\/auroramutualaid.org\/es\/wp-json\/wp\/v2\/comments?post=1699"}],"version-history":[{"count":22,"href":"https:\/\/auroramutualaid.org\/es\/wp-json\/wp\/v2\/pages\/1699\/revisions"}],"predecessor-version":[{"id":2073,"href":"https:\/\/auroramutualaid.org\/es\/wp-json\/wp\/v2\/pages\/1699\/revisions\/2073"}],"wp:attachment":[{"href":"https:\/\/auroramutualaid.org\/es\/wp-json\/wp\/v2\/media?parent=1699"}],"curies":[{"name":"wp","href":"https:\/\/api.w.org\/{rel}","templated":true}]}}